{"id":4260,"date":"2020-03-25T00:12:05","date_gmt":"2020-03-24T21:12:05","guid":{"rendered":"https:\/\/promeas.org\/blog\/"},"modified":"2025-12-02T15:44:13","modified_gmt":"2025-12-02T12:44:13","slug":"blog","status":"publish","type":"page","link":"https:\/\/promeas.org\/en\/blog\/","title":{"rendered":"Blog"},"content":{"rendered":"<p>[et_pb_section fb_built=&#8221;1&#8243; next_background_color=&#8221;#ffffff&#8221; admin_label=&#8221;Hero Section&#8221; _builder_version=&#8221;4.16&#8243; use_background_color_gradient=&#8221;on&#8221; background_color_gradient_direction=&#8221;105deg&#8221; background_color_gradient_stops=&#8221;#27b9d2 0%|rgba(38,184,210,0.69) 100%&#8221; background_color_gradient_start=&#8221;#27b9d2&#8243; background_color_gradient_end=&#8221;rgba(38,184,210,0.69)&#8221; custom_padding=&#8221;100px|0px|100px|0px|true|&#8221; bottom_divider_style=&#8221;asymmetric2&#8243; global_colors_info=&#8221;{}&#8221;][et_pb_row _builder_version=&#8221;4.16&#8243; background_size=&#8221;initial&#8221; background_position=&#8221;top_left&#8221; background_repeat=&#8221;repeat&#8221; global_colors_info=&#8221;{}&#8221;][et_pb_column type=&#8221;4_4&#8243; _builder_version=&#8221;4.16&#8243; custom_padding=&#8221;|||&#8221; global_colors_info=&#8221;{}&#8221; custom_padding__hover=&#8221;|||&#8221;][et_pb_text _builder_version=&#8221;4.16&#8243; text_font=&#8221;Poppins||||||||&#8221; text_text_color=&#8221;rgba(255,255,255,0.8)&#8221; text_font_size=&#8221;18px&#8221; text_line_height=&#8221;1.8em&#8221; header_font=&#8221;Cabin|700|||||||&#8221; header_text_color=&#8221;#ffffff&#8221; header_font_size=&#8221;48px&#8221; header_line_height=&#8221;1.4em&#8221; header_3_font=&#8221;Poppins|600|||||||&#8221; header_3_font_size=&#8221;36px&#8221; header_3_line_height=&#8221;1.4em&#8221; background_layout=&#8221;dark&#8221; max_width=&#8221;600px&#8221; module_alignment=&#8221;left&#8221; custom_margin=&#8221;|||&#8221; locked=&#8221;off&#8221; global_colors_info=&#8221;{}&#8221;]<\/p>\n<h1>Blog<\/h1>\n<p>[\/et_pb_text][\/et_pb_column][\/et_pb_row][\/et_pb_section][et_pb_section fb_built=&#8221;1&#8243; _builder_version=&#8221;4.16&#8243; custom_margin=&#8221;||-46px|||&#8221; global_colors_info=&#8221;{}&#8221;][\/et_pb_section][et_pb_section fb_built=&#8221;1&#8243; admin_label=&#8221;Blog Section&#8221; _builder_version=&#8221;4.16&#8243; background_color=&#8221;#fafbfc&#8221; custom_padding=&#8221;110px|0px|110px|0px&#8221; global_colors_info=&#8221;{}&#8221;][et_pb_row _builder_version=&#8221;4.16&#8243; global_colors_info=&#8221;{}&#8221;][et_pb_column type=&#8221;4_4&#8243; _builder_version=&#8221;4.16&#8243; custom_padding=&#8221;|||&#8221; global_colors_info=&#8221;{}&#8221; custom_padding__hover=&#8221;|||&#8221;][et_pb_blog fullwidth=&#8221;off&#8221; posts_number=&#8221;9&#8243; include_categories=&#8221;30,29&#8243; use_manual_excerpt=&#8221;off&#8221; excerpt_length=&#8221;0&#8243; show_author=&#8221;off&#8221; show_date=&#8221;off&#8221; show_categories=&#8221;off&#8221; show_excerpt=&#8221;off&#8221; use_overlay=&#8221;on&#8221; overlay_icon_color=&#8221;#27b9d2&#8243; hover_icon=&#8221;&#x3d;||divi||400&#8243; _builder_version=&#8221;4.16&#8243; header_font=&#8221;Source Sans Pro|700|||||||&#8221; header_text_color=&#8221;#486066&#8243; header_line_height=&#8221;1.3em&#8221; body_font=&#8221;Open Sans||||||||&#8221; body_text_color=&#8221;#486066&#8243; body_font_size=&#8221;15px&#8221; body_line_height=&#8221;1.8em&#8221; meta_font=&#8221;Source Sans Pro|||on|||||&#8221; meta_text_color=&#8221;rgba(0,0,0,0.21)&#8221; meta_line_height=&#8221;1.8em&#8221; pagination_font=&#8221;Poppins|500||on|||||&#8221; pagination_text_color=&#8221;#44d89e&#8221; pagination_letter_spacing=&#8221;1px&#8221; text_orientation=&#8221;center&#8221; animation_style=&#8221;fade&#8221; border_radii=&#8221;on|6px|6px|6px|6px&#8221; border_width_all=&#8221;0px&#8221; border_radii_image=&#8221;on|3px|3px|3px|3px&#8221; box_shadow_style=&#8221;preset1&#8243; box_shadow_vertical=&#8221;10px&#8221; box_shadow_blur=&#8221;24px&#8221; box_shadow_spread=&#8221;6px&#8221; box_shadow_color=&#8221;rgba(0,0,0,0.06)&#8221; global_colors_info=&#8221;{}&#8221;][\/et_pb_blog][\/et_pb_column][\/et_pb_row][\/et_pb_section]<\/p>\n","protected":false},"excerpt":{"rendered":"<p>Blog<\/p>\n","protected":false},"author":2,"featured_media":0,"parent":0,"menu_order":0,"comment_status":"closed","ping_status":"closed","template":"","meta":{"_et_pb_use_builder":"on","_et_pb_old_content":"","_et_gb_content_width":"","_monsterinsights_skip_tracking":false,"_monsterinsights_sitenote_active":false,"_monsterinsights_sitenote_note":"","_monsterinsights_sitenote_category":0,"footnotes":""},"class_list":["post-4260","page","type-page","status-publish","hentry"],"yoast_head":"<!-- This site is optimized with the Yoast SEO plugin v27.3 - https:\/\/yoast.com\/product\/yoast-seo-wordpress\/ -->\n<title>Blog - Promeas<\/title>\n<meta name=\"robots\" content=\"index, follow, max-snippet:-1, max-image-preview:large, max-video-preview:-1\" \/>\n<link rel=\"canonical\" href=\"https:\/\/promeas.org\/blog\/\" \/>\n<meta property=\"og:locale\" content=\"en_US\" \/>\n<meta property=\"og:type\" content=\"article\" \/>\n<meta property=\"og:title\" content=\"Blog - Promeas\" \/>\n<meta property=\"og:description\" content=\"Blog\" \/>\n<meta property=\"og:url\" content=\"https:\/\/promeas.org\/blog\/\" \/>\n<meta property=\"og:site_name\" content=\"Promeas\" \/>\n<meta property=\"article:modified_time\" content=\"2025-12-02T12:44:13+00:00\" \/>\n<meta name=\"twitter:card\" content=\"summary_large_image\" \/>\n<meta name=\"twitter:label1\" content=\"Est. reading time\" \/>\n\t<meta name=\"twitter:data1\" content=\"1 minute\" \/>\n<script type=\"application\/ld+json\" class=\"yoast-schema-graph\">{\"@context\":\"https:\\\/\\\/schema.org\",\"@graph\":[{\"@type\":\"WebPage\",\"@id\":\"https:\\\/\\\/promeas.org\\\/blog\\\/\",\"url\":\"https:\\\/\\\/promeas.org\\\/blog\\\/\",\"name\":\"Blog - Promeas\",\"isPartOf\":{\"@id\":\"https:\\\/\\\/promeas.org\\\/#website\"},\"datePublished\":\"2020-03-24T21:12:05+00:00\",\"dateModified\":\"2025-12-02T12:44:13+00:00\",\"breadcrumb\":{\"@id\":\"https:\\\/\\\/promeas.org\\\/blog\\\/#breadcrumb\"},\"inLanguage\":\"en-US\",\"potentialAction\":[{\"@type\":\"ReadAction\",\"target\":[\"https:\\\/\\\/promeas.org\\\/blog\\\/\"]}]},{\"@type\":\"BreadcrumbList\",\"@id\":\"https:\\\/\\\/promeas.org\\\/blog\\\/#breadcrumb\",\"itemListElement\":[{\"@type\":\"ListItem\",\"position\":1,\"name\":\"Ana sayfa\",\"item\":\"https:\\\/\\\/promeas.org\\\/\"},{\"@type\":\"ListItem\",\"position\":2,\"name\":\"Blog\"}]},{\"@type\":\"WebSite\",\"@id\":\"https:\\\/\\\/promeas.org\\\/#website\",\"url\":\"https:\\\/\\\/promeas.org\\\/\",\"name\":\"Promeas\",\"description\":\"Performans \u00d6l\u00e7\u00fcm\u00fc\",\"publisher\":{\"@id\":\"https:\\\/\\\/promeas.org\\\/#organization\"},\"potentialAction\":[{\"@type\":\"SearchAction\",\"target\":{\"@type\":\"EntryPoint\",\"urlTemplate\":\"https:\\\/\\\/promeas.org\\\/?s={search_term_string}\"},\"query-input\":{\"@type\":\"PropertyValueSpecification\",\"valueRequired\":true,\"valueName\":\"search_term_string\"}}],\"inLanguage\":\"en-US\"},{\"@type\":\"Organization\",\"@id\":\"https:\\\/\\\/promeas.org\\\/#organization\",\"name\":\"Promeas\",\"url\":\"https:\\\/\\\/promeas.org\\\/\",\"logo\":{\"@type\":\"ImageObject\",\"inLanguage\":\"en-US\",\"@id\":\"https:\\\/\\\/promeas.org\\\/#\\\/schema\\\/logo\\\/image\\\/\",\"url\":\"http:\\\/\\\/promeas.org\\\/wp-content\\\/uploads\\\/2020\\\/03\\\/Promeas_logo.png\",\"contentUrl\":\"http:\\\/\\\/promeas.org\\\/wp-content\\\/uploads\\\/2020\\\/03\\\/Promeas_logo.png\",\"width\":936,\"height\":286,\"caption\":\"Promeas\"},\"image\":{\"@id\":\"https:\\\/\\\/promeas.org\\\/#\\\/schema\\\/logo\\\/image\\\/\"},\"sameAs\":[\"https:\\\/\\\/www.linkedin.com\\\/company\\\/promeas\\\/\"]}]}<\/script>\n<!-- \/ Yoast SEO plugin. -->","yoast_head_json":{"title":"Blog - Promeas","robots":{"index":"index","follow":"follow","max-snippet":"max-snippet:-1","max-image-preview":"max-image-preview:large","max-video-preview":"max-video-preview:-1"},"canonical":"https:\/\/promeas.org\/blog\/","og_locale":"en_US","og_type":"article","og_title":"Blog - Promeas","og_description":"Blog","og_url":"https:\/\/promeas.org\/blog\/","og_site_name":"Promeas","article_modified_time":"2025-12-02T12:44:13+00:00","twitter_card":"summary_large_image","twitter_misc":{"Est. reading time":"1 minute"},"schema":{"@context":"https:\/\/schema.org","@graph":[{"@type":"WebPage","@id":"https:\/\/promeas.org\/blog\/","url":"https:\/\/promeas.org\/blog\/","name":"Blog - Promeas","isPartOf":{"@id":"https:\/\/promeas.org\/#website"},"datePublished":"2020-03-24T21:12:05+00:00","dateModified":"2025-12-02T12:44:13+00:00","breadcrumb":{"@id":"https:\/\/promeas.org\/blog\/#breadcrumb"},"inLanguage":"en-US","potentialAction":[{"@type":"ReadAction","target":["https:\/\/promeas.org\/blog\/"]}]},{"@type":"BreadcrumbList","@id":"https:\/\/promeas.org\/blog\/#breadcrumb","itemListElement":[{"@type":"ListItem","position":1,"name":"Ana sayfa","item":"https:\/\/promeas.org\/"},{"@type":"ListItem","position":2,"name":"Blog"}]},{"@type":"WebSite","@id":"https:\/\/promeas.org\/#website","url":"https:\/\/promeas.org\/","name":"Promeas","description":"Performans \u00d6l\u00e7\u00fcm\u00fc","publisher":{"@id":"https:\/\/promeas.org\/#organization"},"potentialAction":[{"@type":"SearchAction","target":{"@type":"EntryPoint","urlTemplate":"https:\/\/promeas.org\/?s={search_term_string}"},"query-input":{"@type":"PropertyValueSpecification","valueRequired":true,"valueName":"search_term_string"}}],"inLanguage":"en-US"},{"@type":"Organization","@id":"https:\/\/promeas.org\/#organization","name":"Promeas","url":"https:\/\/promeas.org\/","logo":{"@type":"ImageObject","inLanguage":"en-US","@id":"https:\/\/promeas.org\/#\/schema\/logo\/image\/","url":"http:\/\/promeas.org\/wp-content\/uploads\/2020\/03\/Promeas_logo.png","contentUrl":"http:\/\/promeas.org\/wp-content\/uploads\/2020\/03\/Promeas_logo.png","width":936,"height":286,"caption":"Promeas"},"image":{"@id":"https:\/\/promeas.org\/#\/schema\/logo\/image\/"},"sameAs":["https:\/\/www.linkedin.com\/company\/promeas\/"]}]}},"_links":{"self":[{"href":"https:\/\/promeas.org\/en\/wp-json\/wp\/v2\/pages\/4260","targetHints":{"allow":["GET"]}}],"collection":[{"href":"https:\/\/promeas.org\/en\/wp-json\/wp\/v2\/pages"}],"about":[{"href":"https:\/\/promeas.org\/en\/wp-json\/wp\/v2\/types\/page"}],"author":[{"embeddable":true,"href":"https:\/\/promeas.org\/en\/wp-json\/wp\/v2\/users\/2"}],"replies":[{"embeddable":true,"href":"https:\/\/promeas.org\/en\/wp-json\/wp\/v2\/comments?post=4260"}],"version-history":[{"count":1,"href":"https:\/\/promeas.org\/en\/wp-json\/wp\/v2\/pages\/4260\/revisions"}],"predecessor-version":[{"id":4261,"href":"https:\/\/promeas.org\/en\/wp-json\/wp\/v2\/pages\/4260\/revisions\/4261"}],"wp:attachment":[{"href":"https:\/\/promeas.org\/en\/wp-json\/wp\/v2\/media?parent=4260"}],"curies":[{"name":"wp","href":"https:\/\/api.w.org\/{rel}","templated":true}]}}