{"id":3432,"date":"2020-03-28T11:34:39","date_gmt":"2020-03-28T08:34:39","guid":{"rendered":"http:\/\/promeas.org\/index.php\/contact-us\/"},"modified":"2026-04-20T14:11:39","modified_gmt":"2026-04-20T11:11:39","slug":"contact-us","status":"publish","type":"page","link":"https:\/\/promeas.org\/en\/contact-us\/","title":{"rendered":"Contact Us"},"content":{"rendered":"<p>[et_pb_section fb_built=&#8221;1&#8243; next_background_color=&#8221;#ffffff&#8221; admin_label=&#8221;Join Now Call to Action&#8221; _builder_version=&#8221;4.16&#8243; use_background_color_gradient=&#8221;on&#8221; background_color_gradient_direction=&#8221;105deg&#8221; background_color_gradient_stops=&#8221;#27b9d2 0%|rgba(38,184,210,0.69) 100%&#8221; background_color_gradient_start=&#8221;#27b9d2&#8243; background_color_gradient_end=&#8221;rgba(38,184,210,0.69)&#8221; custom_padding=&#8221;100px|0px|100px|0px|true|&#8221; bottom_divider_style=&#8221;asymmetric2&#8243; global_colors_info=&#8221;{}&#8221;][et_pb_row _builder_version=&#8221;4.16&#8243; global_colors_info=&#8221;{}&#8221;][et_pb_column type=&#8221;4_4&#8243; _builder_version=&#8221;4.16&#8243; custom_padding=&#8221;|||&#8221; global_colors_info=&#8221;{}&#8221; custom_padding__hover=&#8221;|||&#8221;][et_pb_text _builder_version=&#8221;4.16&#8243; text_font=&#8221;Poppins||||||||&#8221; text_text_color=&#8221;rgba(255,255,255,0.8)&#8221; text_font_size=&#8221;18px&#8221; text_line_height=&#8221;1.8em&#8221; header_font=&#8221;Cabin|600|||||||&#8221; header_text_color=&#8221;#ffffff&#8221; header_font_size=&#8221;48px&#8221; header_line_height=&#8221;1.4em&#8221; header_3_font=&#8221;Cabin|600|||||||&#8221; header_3_font_size=&#8221;48px&#8221; header_3_line_height=&#8221;1.4em&#8221; background_layout=&#8221;dark&#8221; max_width=&#8221;600px&#8221; module_alignment=&#8221;left&#8221; custom_margin=&#8221;|||&#8221; global_colors_info=&#8221;{}&#8221;]<\/p>\n<h3>Contact<\/h3>\n<p>[\/et_pb_text][\/et_pb_column][\/et_pb_row][\/et_pb_section][et_pb_section fb_built=&#8221;1&#8243; admin_label=&#8221;Contact Info Section&#8221; _builder_version=&#8221;4.16&#8243; background_color=&#8221;#ffffff&#8221; custom_padding=&#8221;110px|0px|110px|0px&#8221; global_colors_info=&#8221;{}&#8221;][et_pb_row column_structure=&#8221;1_2,1_2&#8243; _builder_version=&#8221;4.16&#8243; global_colors_info=&#8221;{}&#8221;][et_pb_column type=&#8221;1_2&#8243; _builder_version=&#8221;4.16&#8243; custom_padding=&#8221;|||&#8221; global_colors_info=&#8221;{}&#8221; custom_padding__hover=&#8221;|||&#8221;][et_pb_text _builder_version=&#8221;4.16&#8243; text_font=&#8221;||||||||&#8221; header_font=&#8221;||||||||&#8221; header_3_font=&#8221;Cabin|600|||||||&#8221; header_3_text_align=&#8221;left&#8221; header_3_text_color=&#8221;#27b9d2&#8243; header_3_font_size=&#8221;36px&#8221; header_3_line_height=&#8221;1.4em&#8221; text_orientation=&#8221;center&#8221; animation_style=&#8221;slide&#8221; animation_direction=&#8221;left&#8221; animation_duration=&#8221;1250ms&#8221; animation_delay=&#8221;300ms&#8221; locked=&#8221;off&#8221; global_colors_info=&#8221;{}&#8221;]<\/p>\n<h3>Contact Us!<\/h3>\n<p>[\/et_pb_text][et_pb_text _builder_version=&#8221;4.27.6&#8243; text_font=&#8221;Source Sans Pro|600|||||||&#8221; text_text_color=&#8221;#000000&#8243; text_font_size=&#8221;18px&#8221; text_line_height=&#8221;1.8em&#8221; header_font=&#8221;||||||||&#8221; max_width=&#8221;600px&#8221; module_alignment=&#8221;center&#8221; animation_style=&#8221;slide&#8221; animation_direction=&#8221;left&#8221; animation_duration=&#8221;1250ms&#8221; animation_delay=&#8221;400ms&#8221; global_colors_info=&#8221;{}&#8221;]<\/p>\n<p class=\"font_3\">Want to turn your strategy into measurable results? The first step could be a simple conversation. Let us assess your current situation together \u2014 and find the right approach for you.<\/p>\n<p>[\/et_pb_text][\/et_pb_column][et_pb_column type=&#8221;1_2&#8243; _builder_version=&#8221;4.16&#8243; custom_padding=&#8221;|||&#8221; global_colors_info=&#8221;{}&#8221; custom_padding__hover=&#8221;|||&#8221;][et_pb_image src=&#8221;http:\/\/promeas.org\/wp-content\/uploads\/2020\/03\/Promeas_logo.png&#8221; _builder_version=&#8221;4.16&#8243; border_radii=&#8221;on|8px|8px|8px|8px&#8221; box_shadow_style=&#8221;preset3&#8243; global_colors_info=&#8221;{}&#8221;][\/et_pb_image][\/et_pb_column][\/et_pb_row][et_pb_row _builder_version=&#8221;4.16&#8243; global_colors_info=&#8221;{}&#8221;][et_pb_column type=&#8221;4_4&#8243; _builder_version=&#8221;4.16&#8243; custom_padding=&#8221;|||&#8221; global_colors_info=&#8221;{}&#8221; custom_padding__hover=&#8221;|||&#8221;][et_pb_contact_form email=&#8221;ayca@promeas.org&#8221; custom_message=&#8221;Merhaba,||et_pb_line_break_holder||||et_pb_line_break_holder||Promeas.org \u0130leti\u015fim sayfas\u0131ndan mesaj\u0131n\u0131z var!||et_pb_line_break_holder||||et_pb_line_break_holder||\u0130sim: %%Name%%||et_pb_line_break_holder||E-Posta: %%Email%%||et_pb_line_break_holder||Mesaj: %%Message%%||et_pb_line_break_holder||&#8221; success_message=&#8221;We have received your message. We will contact you in a short time.&#8221; admin_label=&#8221;\u0130leti\u015fim Formu&#8221; module_id=&#8221;et_pb_contact_form_0&#8243; _builder_version=&#8221;4.27.6&#8243; _unique_id=&#8221;90403a76-0490-4c17-b8ed-c2eb70838995&#8243; form_field_background_color=&#8221;#ffffff&#8221; form_field_text_color=&#8221;#686868&#8243; form_field_focus_text_color=&#8221;#000000&#8243; title_font_size=&#8221;28px&#8221; captcha_font=&#8221;Source Sans Pro|700|||||||&#8221; captcha_font_size=&#8221;18px&#8221; form_field_font=&#8221;Source Sans Pro|700|||||||&#8221; form_field_font_size=&#8221;18px&#8221; custom_button=&#8221;on&#8221; button_text_size=&#8221;24px&#8221; button_text_color=&#8221;#ffffff&#8221; button_bg_color=&#8221;#27b9d2&#8243; button_border_width=&#8221;0px&#8221; button_border_radius=&#8221;13px&#8221; button_font=&#8221;Source Sans Pro|600||on|||||&#8221; button_icon=&#8221;&#x45;||divi||400&#8243; custom_margin=&#8221;|||&#8221; custom_padding=&#8221;|||&#8221; hover_enabled=&#8221;0&#8243; border_radii=&#8221;on|6px|6px|6px|6px&#8221; box_shadow_style=&#8221;preset1&#8243; box_shadow_vertical=&#8221;10px&#8221; box_shadow_blur=&#8221;24px&#8221; box_shadow_spread=&#8221;6px&#8221; box_shadow_color=&#8221;rgba(0,0,0,0.06)&#8221; box_shadow_style_button=&#8221;preset3&#8243; box_shadow_color_button=&#8221;rgba(68,216,158,0.41)&#8221; global_colors_info=&#8221;{}&#8221; button_letter_spacing__hover=&#8221;0&#8243; button_letter_spacing__hover_enabled=&#8221;on&#8221; sticky_enabled=&#8221;0&#8243;][et_pb_contact_field field_id=&#8221;Name&#8221; field_title=&#8221;Name&#8221; _builder_version=&#8221;4.27.6&#8243; form_field_background_color=&#8221;#fcfcfc&#8221; form_field_font=&#8221;Source Sans Pro|500|||||||&#8221; field_background_color=&#8221;#fcfcfc&#8221; global_colors_info=&#8221;{}&#8221; button_text_size__hover_enabled=&#8221;off&#8221; button_one_text_size__hover_enabled=&#8221;off&#8221; button_two_text_size__hover_enabled=&#8221;off&#8221; button_text_color__hover_enabled=&#8221;off&#8221; button_one_text_color__hover_enabled=&#8221;off&#8221; button_two_text_color__hover_enabled=&#8221;off&#8221; button_border_width__hover_enabled=&#8221;off&#8221; button_one_border_width__hover_enabled=&#8221;off&#8221; button_two_border_width__hover_enabled=&#8221;off&#8221; button_border_color__hover_enabled=&#8221;off&#8221; button_one_border_color__hover_enabled=&#8221;off&#8221; button_two_border_color__hover_enabled=&#8221;off&#8221; button_border_radius__hover_enabled=&#8221;off&#8221; button_one_border_radius__hover_enabled=&#8221;off&#8221; button_two_border_radius__hover_enabled=&#8221;off&#8221; button_letter_spacing__hover_enabled=&#8221;off&#8221; button_one_letter_spacing__hover_enabled=&#8221;off&#8221; button_two_letter_spacing__hover_enabled=&#8221;off&#8221; button_bg_color__hover_enabled=&#8221;off&#8221; button_one_bg_color__hover_enabled=&#8221;off&#8221; button_two_bg_color__hover_enabled=&#8221;off&#8221;][\/et_pb_contact_field][et_pb_contact_field field_id=&#8221;Email&#8221; field_title=&#8221;Email&#8221; field_type=&#8221;email&#8221; _builder_version=&#8221;4.16&#8243; form_field_background_color=&#8221;#ffffff&#8221; form_field_font=&#8221;|500|||||||&#8221; field_background_color=&#8221;#ffffff&#8221; global_colors_info=&#8221;{}&#8221; button_text_size__hover_enabled=&#8221;off&#8221; button_one_text_size__hover_enabled=&#8221;off&#8221; button_two_text_size__hover_enabled=&#8221;off&#8221; button_text_color__hover_enabled=&#8221;off&#8221; button_one_text_color__hover_enabled=&#8221;off&#8221; button_two_text_color__hover_enabled=&#8221;off&#8221; button_border_width__hover_enabled=&#8221;off&#8221; button_one_border_width__hover_enabled=&#8221;off&#8221; button_two_border_width__hover_enabled=&#8221;off&#8221; button_border_color__hover_enabled=&#8221;off&#8221; button_one_border_color__hover_enabled=&#8221;off&#8221; button_two_border_color__hover_enabled=&#8221;off&#8221; button_border_radius__hover_enabled=&#8221;off&#8221; button_one_border_radius__hover_enabled=&#8221;off&#8221; button_two_border_radius__hover_enabled=&#8221;off&#8221; button_letter_spacing__hover_enabled=&#8221;off&#8221; button_one_letter_spacing__hover_enabled=&#8221;off&#8221; button_two_letter_spacing__hover_enabled=&#8221;off&#8221; button_bg_color__hover_enabled=&#8221;off&#8221; button_one_bg_color__hover_enabled=&#8221;off&#8221; button_two_bg_color__hover_enabled=&#8221;off&#8221;][\/et_pb_contact_field][et_pb_contact_field field_id=&#8221;Firma&#8221; field_title=&#8221;Company&#8221; fullwidth_field=&#8221;on&#8221; _builder_version=&#8221;4.27.6&#8243; _module_preset=&#8221;default&#8221; global_colors_info=&#8221;{}&#8221;][\/et_pb_contact_field][et_pb_contact_field field_id=&#8221;G\u00f6reviniz&#8221; field_title=&#8221;Your role&#8221; fullwidth_field=&#8221;on&#8221; _builder_version=&#8221;4.27.6&#8243; _module_preset=&#8221;default&#8221; global_colors_info=&#8221;{}&#8221;][\/et_pb_contact_field][et_pb_contact_field field_id=&#8221;Telefon&#8221; field_title=&#8221;Phone number&#8221; fullwidth_field=&#8221;on&#8221; _builder_version=&#8221;4.27.6&#8243; _module_preset=&#8221;default&#8221; global_colors_info=&#8221;{}&#8221;][\/et_pb_contact_field][et_pb_contact_field field_id=&#8221;\u0130leti\u015fime_ge\u00e7me_sebebi&#8221; field_title=&#8221;The conversation you want to schedule&#8221; field_type=&#8221;radio&#8221; radio_options=&#8221;%91{%22value%22:%22Book a session to meet%22,%22checked%22:0,%22dragID%22:-1},{%22value%22:%22Book a free 90-minute diagnostic workshop session%22,%22checked%22:0,%22dragID%22:0},{%22value%22:%2260 dakikal\u0131k ke\u015fif g\u00f6r\u00fc\u015fmesi (1 hedefinize ve \u00f6l\u00e7\u00fcm\u00fcn\u00fcze PuMP g\u00f6zl\u00fc\u011f\u00fcnden birlikte bakal\u0131m)%22,%22checked%22:0,%22dragID%22:1}%93&#8243; fullwidth_field=&#8221;on&#8221; _builder_version=&#8221;4.27.6&#8243; _module_preset=&#8221;default&#8221; global_colors_info=&#8221;{}&#8221;][\/et_pb_contact_field][et_pb_contact_field field_id=&#8221;\u0130leti\u015fime_ge\u00e7me_motivasyonu&#8221; field_title=&#8221;Your motivation to reach out. The problem you want answers for.&#8221; field_type=&#8221;text&#8221; fullwidth_field=&#8221;on&#8221; _builder_version=&#8221;4.27.6&#8243; form_field_background_color=&#8221;#ffffff&#8221; form_field_font=&#8221;|500|||||||&#8221; field_background_color=&#8221;#ffffff&#8221; global_colors_info=&#8221;{}&#8221; button_text_size__hover_enabled=&#8221;off&#8221; button_one_text_size__hover_enabled=&#8221;off&#8221; button_two_text_size__hover_enabled=&#8221;off&#8221; button_text_color__hover_enabled=&#8221;off&#8221; button_one_text_color__hover_enabled=&#8221;off&#8221; button_two_text_color__hover_enabled=&#8221;off&#8221; button_border_width__hover_enabled=&#8221;off&#8221; button_one_border_width__hover_enabled=&#8221;off&#8221; button_two_border_width__hover_enabled=&#8221;off&#8221; button_border_color__hover_enabled=&#8221;off&#8221; button_one_border_color__hover_enabled=&#8221;off&#8221; button_two_border_color__hover_enabled=&#8221;off&#8221; button_border_radius__hover_enabled=&#8221;off&#8221; button_one_border_radius__hover_enabled=&#8221;off&#8221; button_two_border_radius__hover_enabled=&#8221;off&#8221; button_letter_spacing__hover_enabled=&#8221;off&#8221; button_one_letter_spacing__hover_enabled=&#8221;off&#8221; button_two_letter_spacing__hover_enabled=&#8221;off&#8221; button_bg_color__hover_enabled=&#8221;off&#8221; button_one_bg_color__hover_enabled=&#8221;off&#8221; button_two_bg_color__hover_enabled=&#8221;off&#8221;][\/et_pb_contact_field][\/et_pb_contact_form][\/et_pb_column][\/et_pb_row][\/et_pb_section]<\/p>\n","protected":false},"excerpt":{"rendered":"<p>ContactContact Us!Want to turn your strategy into measurable results? The first step could be a simple conversation. Let us assess your current situation together \u2014 and find the right approach for you.<\/p>\n","protected":false},"author":2,"featured_media":0,"parent":0,"menu_order":0,"comment_status":"closed","ping_status":"closed","template":"","meta":{"_et_pb_use_builder":"on","_et_pb_old_content":"","_et_gb_content_width":"","footnotes":""},"class_list":["post-3432","page","type-page","status-publish","hentry"],"yoast_head":"<!-- This site is optimized with the Yoast SEO plugin v27.4 - https:\/\/yoast.com\/product\/yoast-seo-wordpress\/ -->\n<title>Contact Us - Promeas<\/title>\n<meta name=\"robots\" content=\"index, follow, max-snippet:-1, max-image-preview:large, max-video-preview:-1\" \/>\n<link rel=\"canonical\" href=\"https:\/\/promeas.org\/iletisim\/\" \/>\n<meta property=\"og:locale\" content=\"en_US\" \/>\n<meta property=\"og:type\" content=\"article\" \/>\n<meta property=\"og:title\" content=\"Contact Us - Promeas\" \/>\n<meta property=\"og:description\" content=\"ContactContact Us!Want to turn your strategy into measurable results? The first step could be a simple conversation. Let us assess your current situation together \u2014 and find the right approach for you.\" \/>\n<meta property=\"og:url\" content=\"https:\/\/promeas.org\/iletisim\/\" \/>\n<meta property=\"og:site_name\" content=\"Promeas\" \/>\n<meta property=\"article:modified_time\" content=\"2026-04-20T11:11:39+00:00\" \/>\n<meta name=\"twitter:card\" content=\"summary_large_image\" \/>\n<meta name=\"twitter:label1\" content=\"Est. reading time\" \/>\n\t<meta name=\"twitter:data1\" content=\"7 minutes\" \/>\n<script type=\"application\/ld+json\" class=\"yoast-schema-graph\">{\"@context\":\"https:\\\/\\\/schema.org\",\"@graph\":[{\"@type\":\"WebPage\",\"@id\":\"https:\\\/\\\/promeas.org\\\/iletisim\\\/\",\"url\":\"https:\\\/\\\/promeas.org\\\/iletisim\\\/\",\"name\":\"Contact Us - Promeas\",\"isPartOf\":{\"@id\":\"https:\\\/\\\/promeas.org\\\/#website\"},\"datePublished\":\"2020-03-28T08:34:39+00:00\",\"dateModified\":\"2026-04-20T11:11:39+00:00\",\"breadcrumb\":{\"@id\":\"https:\\\/\\\/promeas.org\\\/iletisim\\\/#breadcrumb\"},\"inLanguage\":\"en-US\",\"potentialAction\":[{\"@type\":\"ReadAction\",\"target\":[\"https:\\\/\\\/promeas.org\\\/iletisim\\\/\"]}]},{\"@type\":\"BreadcrumbList\",\"@id\":\"https:\\\/\\\/promeas.org\\\/iletisim\\\/#breadcrumb\",\"itemListElement\":[{\"@type\":\"ListItem\",\"position\":1,\"name\":\"Ana sayfa\",\"item\":\"https:\\\/\\\/promeas.org\\\/\"},{\"@type\":\"ListItem\",\"position\":2,\"name\":\"Contact Us\"}]},{\"@type\":\"WebSite\",\"@id\":\"https:\\\/\\\/promeas.org\\\/#website\",\"url\":\"https:\\\/\\\/promeas.org\\\/\",\"name\":\"Promeas\",\"description\":\"Performans \u00d6l\u00e7\u00fcm\u00fc\",\"publisher\":{\"@id\":\"https:\\\/\\\/promeas.org\\\/#organization\"},\"potentialAction\":[{\"@type\":\"SearchAction\",\"target\":{\"@type\":\"EntryPoint\",\"urlTemplate\":\"https:\\\/\\\/promeas.org\\\/?s={search_term_string}\"},\"query-input\":{\"@type\":\"PropertyValueSpecification\",\"valueRequired\":true,\"valueName\":\"search_term_string\"}}],\"inLanguage\":\"en-US\"},{\"@type\":\"Organization\",\"@id\":\"https:\\\/\\\/promeas.org\\\/#organization\",\"name\":\"Promeas\",\"url\":\"https:\\\/\\\/promeas.org\\\/\",\"logo\":{\"@type\":\"ImageObject\",\"inLanguage\":\"en-US\",\"@id\":\"https:\\\/\\\/promeas.org\\\/#\\\/schema\\\/logo\\\/image\\\/\",\"url\":\"http:\\\/\\\/promeas.org\\\/wp-content\\\/uploads\\\/2020\\\/03\\\/Promeas_logo.png\",\"contentUrl\":\"http:\\\/\\\/promeas.org\\\/wp-content\\\/uploads\\\/2020\\\/03\\\/Promeas_logo.png\",\"width\":936,\"height\":286,\"caption\":\"Promeas\"},\"image\":{\"@id\":\"https:\\\/\\\/promeas.org\\\/#\\\/schema\\\/logo\\\/image\\\/\"},\"sameAs\":[\"https:\\\/\\\/www.linkedin.com\\\/company\\\/promeas\\\/\"]}]}<\/script>\n<!-- \/ Yoast SEO plugin. -->","yoast_head_json":{"title":"Contact Us - Promeas","robots":{"index":"index","follow":"follow","max-snippet":"max-snippet:-1","max-image-preview":"max-image-preview:large","max-video-preview":"max-video-preview:-1"},"canonical":"https:\/\/promeas.org\/iletisim\/","og_locale":"en_US","og_type":"article","og_title":"Contact Us - Promeas","og_description":"ContactContact Us!Want to turn your strategy into measurable results? The first step could be a simple conversation. Let us assess your current situation together \u2014 and find the right approach for you.","og_url":"https:\/\/promeas.org\/iletisim\/","og_site_name":"Promeas","article_modified_time":"2026-04-20T11:11:39+00:00","twitter_card":"summary_large_image","twitter_misc":{"Est. reading time":"7 minutes"},"schema":{"@context":"https:\/\/schema.org","@graph":[{"@type":"WebPage","@id":"https:\/\/promeas.org\/iletisim\/","url":"https:\/\/promeas.org\/iletisim\/","name":"Contact Us - Promeas","isPartOf":{"@id":"https:\/\/promeas.org\/#website"},"datePublished":"2020-03-28T08:34:39+00:00","dateModified":"2026-04-20T11:11:39+00:00","breadcrumb":{"@id":"https:\/\/promeas.org\/iletisim\/#breadcrumb"},"inLanguage":"en-US","potentialAction":[{"@type":"ReadAction","target":["https:\/\/promeas.org\/iletisim\/"]}]},{"@type":"BreadcrumbList","@id":"https:\/\/promeas.org\/iletisim\/#breadcrumb","itemListElement":[{"@type":"ListItem","position":1,"name":"Ana sayfa","item":"https:\/\/promeas.org\/"},{"@type":"ListItem","position":2,"name":"Contact Us"}]},{"@type":"WebSite","@id":"https:\/\/promeas.org\/#website","url":"https:\/\/promeas.org\/","name":"Promeas","description":"Performans \u00d6l\u00e7\u00fcm\u00fc","publisher":{"@id":"https:\/\/promeas.org\/#organization"},"potentialAction":[{"@type":"SearchAction","target":{"@type":"EntryPoint","urlTemplate":"https:\/\/promeas.org\/?s={search_term_string}"},"query-input":{"@type":"PropertyValueSpecification","valueRequired":true,"valueName":"search_term_string"}}],"inLanguage":"en-US"},{"@type":"Organization","@id":"https:\/\/promeas.org\/#organization","name":"Promeas","url":"https:\/\/promeas.org\/","logo":{"@type":"ImageObject","inLanguage":"en-US","@id":"https:\/\/promeas.org\/#\/schema\/logo\/image\/","url":"http:\/\/promeas.org\/wp-content\/uploads\/2020\/03\/Promeas_logo.png","contentUrl":"http:\/\/promeas.org\/wp-content\/uploads\/2020\/03\/Promeas_logo.png","width":936,"height":286,"caption":"Promeas"},"image":{"@id":"https:\/\/promeas.org\/#\/schema\/logo\/image\/"},"sameAs":["https:\/\/www.linkedin.com\/company\/promeas\/"]}]}},"_links":{"self":[{"href":"https:\/\/promeas.org\/en\/wp-json\/wp\/v2\/pages\/3432","targetHints":{"allow":["GET"]}}],"collection":[{"href":"https:\/\/promeas.org\/en\/wp-json\/wp\/v2\/pages"}],"about":[{"href":"https:\/\/promeas.org\/en\/wp-json\/wp\/v2\/types\/page"}],"author":[{"embeddable":true,"href":"https:\/\/promeas.org\/en\/wp-json\/wp\/v2\/users\/2"}],"replies":[{"embeddable":true,"href":"https:\/\/promeas.org\/en\/wp-json\/wp\/v2\/comments?post=3432"}],"version-history":[{"count":12,"href":"https:\/\/promeas.org\/en\/wp-json\/wp\/v2\/pages\/3432\/revisions"}],"predecessor-version":[{"id":4859,"href":"https:\/\/promeas.org\/en\/wp-json\/wp\/v2\/pages\/3432\/revisions\/4859"}],"wp:attachment":[{"href":"https:\/\/promeas.org\/en\/wp-json\/wp\/v2\/media?parent=3432"}],"curies":[{"name":"wp","href":"https:\/\/api.w.org\/{rel}","templated":true}]}}