{"id":3430,"date":"2020-03-28T11:32:05","date_gmt":"2020-03-28T08:32:05","guid":{"rendered":"http:\/\/promeas.org\/index.php\/about-us\/"},"modified":"2025-12-01T17:40:31","modified_gmt":"2025-12-01T14:40:31","slug":"about-us","status":"publish","type":"page","link":"https:\/\/promeas.org\/en\/about-us\/","title":{"rendered":"About Us"},"content":{"rendered":"<p>[et_pb_section fb_built=&#8221;1&#8243; next_background_color=&#8221;#ffffff&#8221; admin_label=&#8221;Hero Section&#8221; _builder_version=&#8221;4.16&#8243; use_background_color_gradient=&#8221;on&#8221; background_color_gradient_direction=&#8221;105deg&#8221; background_color_gradient_stops=&#8221;#27b9d2 0%|rgba(38,184,210,0.69) 100%&#8221; background_color_gradient_start=&#8221;#27b9d2&#8243; background_color_gradient_end=&#8221;rgba(38,184,210,0.69)&#8221; custom_padding=&#8221;100px|0px|100px|0px|true|&#8221; bottom_divider_style=&#8221;asymmetric2&#8243; global_colors_info=&#8221;{}&#8221;][et_pb_row _builder_version=&#8221;4.16&#8243; background_size=&#8221;initial&#8221; background_position=&#8221;top_left&#8221; background_repeat=&#8221;repeat&#8221; animation_style=&#8221;slide&#8221; animation_duration=&#8221;1250ms&#8221; animation_delay=&#8221;300ms&#8221; global_colors_info=&#8221;{}&#8221;][et_pb_column type=&#8221;4_4&#8243; _builder_version=&#8221;4.16&#8243; custom_padding=&#8221;|||&#8221; global_colors_info=&#8221;{}&#8221; custom_padding__hover=&#8221;|||&#8221;][et_pb_text admin_label=&#8221;Metin&#8221; _builder_version=&#8221;4.16&#8243; text_font=&#8221;Poppins||||||||&#8221; text_text_color=&#8221;rgba(255,255,255,0.8)&#8221; text_font_size=&#8221;18px&#8221; text_line_height=&#8221;1.8em&#8221; header_font=&#8221;Cabin|600|||||||&#8221; header_text_color=&#8221;#ffffff&#8221; header_font_size=&#8221;48px&#8221; header_line_height=&#8221;1.4em&#8221; header_3_font=&#8221;Poppins|600|||||||&#8221; header_3_font_size=&#8221;36px&#8221; header_3_line_height=&#8221;1.4em&#8221; background_layout=&#8221;dark&#8221; max_width=&#8221;600px&#8221; module_alignment=&#8221;left&#8221; custom_margin=&#8221;|||&#8221; locked=&#8221;off&#8221; global_colors_info=&#8221;{}&#8221;]<\/p>\n<h1>About Us<\/h1>\n<p>[\/et_pb_text][\/et_pb_column][\/et_pb_row][\/et_pb_section][et_pb_section fb_built=&#8221;1&#8243; admin_label=&#8221;About Us Section&#8221; _builder_version=&#8221;4.16&#8243; custom_padding=&#8221;70px|0px|110px|0px||&#8221; global_colors_info=&#8221;{}&#8221;][et_pb_row custom_padding_last_edited=&#8221;on|phone&#8221; admin_label=&#8221;Statistics&#8221; _builder_version=&#8221;4.16&#8243; custom_padding=&#8221;|40px|40px|40px|false|false&#8221; custom_padding_tablet=&#8221;&#8221; custom_padding_phone=&#8221;|0px||0px|false|true&#8221; border_radii=&#8221;on|6px|6px|6px|6px&#8221; global_colors_info=&#8221;{}&#8221;][et_pb_column type=&#8221;4_4&#8243; _builder_version=&#8221;4.16&#8243; custom_padding=&#8221;|||&#8221; global_colors_info=&#8221;{}&#8221; custom_padding__hover=&#8221;|||&#8221;][et_pb_team_member name=&#8221;Ay\u00e7a T\u00fcmer Ar\u0131kan&#8221; position=&#8221;PERFORMANCE MEASURE EXPERT&#8221; image_url=&#8221;http:\/\/promeas.org\/wp-content\/uploads\/2020\/03\/ayca_tu\u0308mer_ar\u0131kan.png&#8221; icon_color=&#8221;#0077b5&#8243; use_icon_font_size=&#8221;on&#8221; icon_font_size=&#8221;32px&#8221; _builder_version=&#8221;4.16&#8243; header_level=&#8221;h2&#8243; header_font=&#8221;Cabin||||||||&#8221; body_font=&#8221;Source Sans Pro||||||||&#8221; body_text_color=&#8221;#000000&#8243; body_font_size=&#8221;16px&#8221; position_font=&#8221;Cabin||||||||&#8221; position_text_color=&#8221;#0c71c3&#8243; position_line_height=&#8221;3em&#8221; custom_margin=&#8221;||2px|||&#8221; custom_margin_tablet=&#8221;&#8221; custom_margin_phone=&#8221;||43px||false|false&#8221; custom_margin_last_edited=&#8221;on|phone&#8221; animation_style=&#8221;zoom&#8221; animation_duration=&#8221;1250ms&#8221; animation_delay=&#8221;300ms&#8221; animation=&#8221;right&#8221; position_font_size_tablet=&#8221;&#8221; position_font_size_phone=&#8221;12px&#8221; position_font_size_last_edited=&#8221;on|phone&#8221; border_radii_image=&#8221;on|6px|6px|6px|6px&#8221; box_shadow_style_image=&#8221;preset2&#8243; box_shadow_horizontal_image=&#8221;8px&#8221; global_colors_info=&#8221;{}&#8221;]<\/p>\n<p>&nbsp;<\/p>\n<p>Ay\u00e7a T\u00dcMER ARIKAN was born in Ankara, in 1978. She had her Bachelor\u2019s degree in Statistics from Middle East Technical University, and then had an MBA degree from the Department of Business Administration of the same university. She has 14 years of experience in performance measurement and analytics in the private sector.<\/p>\n<p>She decided to continue her career by sharing her knowledge and experience in organizational and process performance measurement aspects with the organizations that have a need.<\/p>\n<p>\u200bSince 2017, Ay\u00e7a owns the globally valid facilitator certificate of PuMP\u00ae methodology.\u00a0 She works as a measurement consultant\/mentor to help companies in their journey to become high performing organizations with the use of measurement in a meaningful way. She facilitates PuMP\u00ae implementations for her clients to ensure they get the most value from their measures and to help them achieve their business results<\/p>\n<p>Ayca joined the PuMP\u00ae global team in 2020 and offers PuMP\u00ae consulting as a <strong>Licensed PuMP\u00ae Contractor<\/strong> to support her clients.<\/p>\n<p><a href=\"http:\/\/www.staceybarr.com\/about\/thepumpteam\" target=\"_blank\" rel=\"noopener noreferrer\">www.staceybarr.com\/about\/thepumpteam<\/a><\/p>\n<p><strong>Areas of Expertise:<\/strong><\/p>\n<ul>\n<li>Balanced Scorecard<\/li>\n<li>CMMI Dev. Level 5<\/li>\n<li>Quantitative project management and tracking<\/li>\n<li>Quantitative risk management<\/li>\n<li>Root cause analysis methodologies<\/li>\n<li>Process performance measurement and analysis \u200b<\/li>\n<\/ul>\n<p>[\/et_pb_team_member][et_pb_image src=&#8221;http:\/\/promeas.org\/wp-content\/uploads\/2020\/03\/LI-In-Bug.png&#8221; url=&#8221;https:\/\/www.linkedin.com\/in\/ayca-tumer-arikan-2139643&#8243; url_new_window=&#8221;on&#8221; _builder_version=&#8221;4.16&#8243; transform_scale_tablet=&#8221;&#8221; transform_scale_phone=&#8221;&#8221; transform_scale_last_edited=&#8221;on|phone&#8221; transform_translate_tablet=&#8221;&#8221; transform_translate_phone=&#8221;0px|67px&#8221; transform_translate_last_edited=&#8221;on|phone&#8221; transform_translate_linked_phone=&#8221;off&#8221; transform_rotate_tablet=&#8221;&#8221; transform_rotate_phone=&#8221;&#8221; transform_rotate_last_edited=&#8221;on|phone&#8221; transform_skew_tablet=&#8221;&#8221; transform_skew_phone=&#8221;&#8221; transform_skew_last_edited=&#8221;on|phone&#8221; transform_origin_tablet=&#8221;&#8221; transform_origin_phone=&#8221;&#8221; transform_origin_last_edited=&#8221;on|phone&#8221; transform_styles_last_edited=&#8221;on|phone&#8221; width=&#8221;5%&#8221; width_tablet=&#8221;&#8221; width_phone=&#8221;17%&#8221; width_last_edited=&#8221;on|phone&#8221; module_alignment=&#8221;right&#8221; animation_style=&#8221;zoom&#8221; animation_duration=&#8221;1250ms&#8221; animation_delay=&#8221;300ms&#8221; transform_styles_tablet=&#8221;&#8221; transform_styles_phone=&#8221;&#8221; animation=&#8221;right&#8221; global_colors_info=&#8221;{}&#8221;][\/et_pb_image][et_pb_image src=&#8221;http:\/\/promeas.org\/wp-content\/uploads\/2025\/09\/PuMPLicensedAffiliateLogoBlue.png&#8221; _builder_version=&#8221;4.27.4&#8243; transform_scale_tablet=&#8221;&#8221; transform_scale_phone=&#8221;&#8221; transform_scale_last_edited=&#8221;on|phone&#8221; transform_translate=&#8221;0px|-300px&#8221; transform_translate_tablet=&#8221;&#8221; transform_translate_phone=&#8221;0px|-1px&#8221; transform_translate_last_edited=&#8221;on|phone&#8221; transform_translate_linked=&#8221;off&#8221; transform_rotate_tablet=&#8221;&#8221; transform_rotate_phone=&#8221;&#8221; transform_rotate_last_edited=&#8221;on|phone&#8221; transform_skew_tablet=&#8221;&#8221; transform_skew_phone=&#8221;&#8221; transform_skew_last_edited=&#8221;on|phone&#8221; transform_origin_tablet=&#8221;&#8221; transform_origin_phone=&#8221;&#8221; transform_origin_last_edited=&#8221;on|phone&#8221; transform_styles_last_edited=&#8221;on|phone&#8221; width=&#8221;19%&#8221; width_tablet=&#8221;&#8221; width_phone=&#8221;40%&#8221; width_last_edited=&#8221;on|phone&#8221; module_alignment=&#8221;left&#8221; animation_style=&#8221;zoom&#8221; animation_duration=&#8221;1250ms&#8221; animation_delay=&#8221;300ms&#8221; hover_enabled=&#8221;0&#8243; transform_styles_tablet=&#8221;&#8221; transform_styles_phone=&#8221;&#8221; animation=&#8221;right&#8221; global_colors_info=&#8221;{}&#8221; title_text=&#8221;PuMPLicensedAffiliateLogoBlue&#8221; sticky_enabled=&#8221;0&#8243;][\/et_pb_image][\/et_pb_column][\/et_pb_row][et_pb_row column_structure=&#8221;1_2,1_2&#8243; _builder_version=&#8221;4.16&#8243; custom_padding=&#8221;|18px||18px|false|true&#8221; animation_style=&#8221;flip&#8221; animation_duration=&#8221;1250ms&#8221; animation_delay=&#8221;300ms&#8221; border_radii=&#8221;on|6px|6px|6px|6px&#8221; border_width_all=&#8221;-1px&#8221; border_color_all=&#8221;#000000&#8243; box_shadow_style=&#8221;preset3&#8243; locked=&#8221;off&#8221; global_colors_info=&#8221;{}&#8221;][et_pb_column type=&#8221;1_2&#8243; _builder_version=&#8221;4.16&#8243; custom_padding=&#8221;|||&#8221; global_colors_info=&#8221;{}&#8221; custom_padding__hover=&#8221;|||&#8221;][et_pb_text _builder_version=&#8221;4.16&#8243; text_font=&#8221;||||||||&#8221; header_font=&#8221;||||||||&#8221; header_3_font=&#8221;Cabin|600||on|||||&#8221; header_3_text_align=&#8221;center&#8221; header_3_text_color=&#8221;#22dce2&#8243; header_3_font_size=&#8221;51px&#8221; header_3_line_height=&#8221;1.4em&#8221; custom_margin=&#8221;62px||62px||true|false&#8221; custom_margin_tablet=&#8221;&#8221; custom_margin_phone=&#8221;10px||10px||true|false&#8221; custom_margin_last_edited=&#8221;on|phone&#8221; header_3_font_size_tablet=&#8221;&#8221; header_3_font_size_phone=&#8221;33px&#8221; header_3_font_size_last_edited=&#8221;on|desktop&#8221; global_colors_info=&#8221;{}&#8221;]<\/p>\n<h3>Mission<\/h3>\n<p>[\/et_pb_text][\/et_pb_column][et_pb_column type=&#8221;1_2&#8243; _builder_version=&#8221;4.16&#8243; custom_padding=&#8221;|||&#8221; global_colors_info=&#8221;{}&#8221; custom_padding__hover=&#8221;|||&#8221;][et_pb_text _builder_version=&#8221;4.16&#8243; text_font=&#8221;Source Sans Pro||||||||&#8221; text_text_color=&#8221;#000000&#8243; text_font_size=&#8221;17px&#8221; text_line_height=&#8221;1.8em&#8221; header_font=&#8221;||||||||&#8221; custom_margin=&#8221;60px||60px||true|&#8221; global_colors_info=&#8221;{}&#8221;]<\/p>\n<p>To establish or improve the organizational performance measurement processes of organizations to help them realize their missions and achieve their visions.<\/p>\n<p>[\/et_pb_text][\/et_pb_column][\/et_pb_row][et_pb_row _builder_version=&#8221;4.16&#8243; global_colors_info=&#8221;{}&#8221;][et_pb_column type=&#8221;4_4&#8243; _builder_version=&#8221;4.16&#8243; global_colors_info=&#8221;{}&#8221;][\/et_pb_column][\/et_pb_row][et_pb_row column_structure=&#8221;1_2,1_2&#8243; _builder_version=&#8221;4.16&#8243; custom_padding=&#8221;|18px||18px|false|true&#8221; animation_style=&#8221;flip&#8221; animation_duration=&#8221;1250ms&#8221; animation_delay=&#8221;350ms&#8221; border_radii=&#8221;on|6px|6px|6px|6px&#8221; border_width_all=&#8221;-1px&#8221; border_color_all=&#8221;#000000&#8243; box_shadow_style=&#8221;preset3&#8243; locked=&#8221;off&#8221; global_colors_info=&#8221;{}&#8221;][et_pb_column type=&#8221;1_2&#8243; _builder_version=&#8221;4.16&#8243; custom_padding=&#8221;|||&#8221; global_colors_info=&#8221;{}&#8221; custom_padding__hover=&#8221;|||&#8221;][et_pb_text _builder_version=&#8221;4.16&#8243; text_font=&#8221;Source Sans Pro||||||||&#8221; text_text_color=&#8221;#000000&#8243; text_font_size=&#8221;17px&#8221; text_line_height=&#8221;1.8em&#8221; header_font=&#8221;||||||||&#8221; custom_margin=&#8221;60px||60px||true|&#8221; global_colors_info=&#8221;{}&#8221;]<\/p>\n<p>To help more organizations reach their performance targets each year.<\/p>\n<p>[\/et_pb_text][\/et_pb_column][et_pb_column type=&#8221;1_2&#8243; _builder_version=&#8221;4.16&#8243; custom_padding=&#8221;|||&#8221; global_colors_info=&#8221;{}&#8221; custom_padding__hover=&#8221;|||&#8221;][et_pb_text _builder_version=&#8221;4.16&#8243; text_font=&#8221;||||||||&#8221; header_font=&#8221;||||||||&#8221; header_3_font=&#8221;Cabin|600||on|||||&#8221; header_3_text_align=&#8221;center&#8221; header_3_text_color=&#8221;#22dce2&#8243; header_3_font_size=&#8221;51px&#8221; header_3_line_height=&#8221;1.4em&#8221; custom_margin=&#8221;62px||62px||true|false&#8221; custom_margin_tablet=&#8221;&#8221; custom_margin_phone=&#8221;10px||10px||true|false&#8221; custom_margin_last_edited=&#8221;on|phone&#8221; header_3_font_size_tablet=&#8221;&#8221; header_3_font_size_phone=&#8221;33px&#8221; header_3_font_size_last_edited=&#8221;on|desktop&#8221; global_colors_info=&#8221;{}&#8221;]<\/p>\n<h3>Vision<\/h3>\n<p>[\/et_pb_text][\/et_pb_column][\/et_pb_row][et_pb_row _builder_version=&#8221;4.16&#8243; global_colors_info=&#8221;{}&#8221;][et_pb_column type=&#8221;4_4&#8243; _builder_version=&#8221;4.16&#8243; global_colors_info=&#8221;{}&#8221;][\/et_pb_column][\/et_pb_row][et_pb_row column_structure=&#8221;1_2,1_2&#8243; _builder_version=&#8221;4.16&#8243; custom_padding=&#8221;|18px||18px|false|true&#8221; animation_style=&#8221;flip&#8221; animation_duration=&#8221;1250ms&#8221; animation_delay=&#8221;400ms&#8221; border_radii=&#8221;on|6px|6px|6px|6px&#8221; border_width_all=&#8221;-1px&#8221; border_color_all=&#8221;#000000&#8243; box_shadow_style=&#8221;preset3&#8243; locked=&#8221;off&#8221; global_colors_info=&#8221;{}&#8221;][et_pb_column type=&#8221;1_2&#8243; _builder_version=&#8221;4.16&#8243; custom_padding=&#8221;|||&#8221; global_colors_info=&#8221;{}&#8221; custom_padding__hover=&#8221;|||&#8221;][et_pb_text _builder_version=&#8221;4.16&#8243; text_font=&#8221;||||||||&#8221; header_font=&#8221;||||||||&#8221; header_3_font=&#8221;Cabin|600||on|||||&#8221; header_3_text_align=&#8221;center&#8221; header_3_text_color=&#8221;#22dce2&#8243; header_3_font_size=&#8221;51px&#8221; header_3_line_height=&#8221;1.4em&#8221; custom_margin=&#8221;62px||62px||true|false&#8221; custom_margin_tablet=&#8221;&#8221; custom_margin_phone=&#8221;10px||10px||true|false&#8221; custom_margin_last_edited=&#8221;on|phone&#8221; header_3_font_size_tablet=&#8221;&#8221; header_3_font_size_phone=&#8221;33px&#8221; header_3_font_size_last_edited=&#8221;on|desktop&#8221; global_colors_info=&#8221;{}&#8221;]<\/p>\n<h3>VALUES<\/h3>\n<p>[\/et_pb_text][\/et_pb_column][et_pb_column type=&#8221;1_2&#8243; admin_label=&#8221;Kolon&#8221; _builder_version=&#8221;4.16&#8243; custom_padding=&#8221;|||&#8221; global_colors_info=&#8221;{}&#8221; custom_padding__hover=&#8221;|||&#8221;][et_pb_blurb title=&#8221;Trust&#8221; use_icon=&#8221;on&#8221; font_icon=&#8221;&#xe052;||divi||400&#8243; icon_color=&#8221;#22dce2&#8243; icon_placement=&#8221;left&#8221; _builder_version=&#8221;4.16&#8243; header_level=&#8221;h2&#8243; header_font=&#8221;Cabin||||||||&#8221; global_colors_info=&#8221;{}&#8221;][\/et_pb_blurb][et_pb_blurb title=&#8221;Quality&#8221; use_icon=&#8221;on&#8221; font_icon=&#8221;&#xe052;||divi||400&#8243; icon_color=&#8221;#22dce2&#8243; icon_placement=&#8221;left&#8221; _builder_version=&#8221;4.16&#8243; header_level=&#8221;h2&#8243; header_font=&#8221;Cabin||||||||&#8221; global_colors_info=&#8221;{}&#8221;][\/et_pb_blurb][et_pb_blurb title=&#8221;Continuous Learning&#8221; use_icon=&#8221;on&#8221; font_icon=&#8221;&#xe052;||divi||400&#8243; icon_color=&#8221;#22dce2&#8243; icon_placement=&#8221;left&#8221; _builder_version=&#8221;4.16&#8243; header_level=&#8221;h2&#8243; header_font=&#8221;Cabin||||||||&#8221; global_colors_info=&#8221;{}&#8221;][\/et_pb_blurb][\/et_pb_column][\/et_pb_row][\/et_pb_section]<\/p>\n","protected":false},"excerpt":{"rendered":"<p>About Us&nbsp; Ay\u00e7a T\u00dcMER ARIKAN was born in Ankara, in 1978. She had her Bachelor\u2019s degree in Statistics from Middle East Technical University, and then had an MBA degree from the Department of Business Administration of the same university. She has 14 years of experience in performance measurement and analytics in the private sector. She [&hellip;]<\/p>\n","protected":false},"author":2,"featured_media":0,"parent":0,"menu_order":0,"comment_status":"closed","ping_status":"closed","template":"","meta":{"_et_pb_use_builder":"on","_et_pb_old_content":"","_et_gb_content_width":"","_monsterinsights_skip_tracking":false,"_monsterinsights_sitenote_active":false,"_monsterinsights_sitenote_note":"","_monsterinsights_sitenote_category":0,"footnotes":""},"class_list":["post-3430","page","type-page","status-publish","hentry"],"yoast_head":"<!-- This site is optimized with the Yoast SEO plugin v27.3 - https:\/\/yoast.com\/product\/yoast-seo-wordpress\/ -->\n<title>About Us - Promeas<\/title>\n<meta name=\"robots\" content=\"index, follow, max-snippet:-1, max-image-preview:large, max-video-preview:-1\" \/>\n<link rel=\"canonical\" href=\"https:\/\/promeas.org\/en\/about-us\/\" \/>\n<meta property=\"og:locale\" content=\"en_US\" \/>\n<meta property=\"og:type\" content=\"article\" \/>\n<meta property=\"og:title\" content=\"About Us - Promeas\" \/>\n<meta property=\"og:description\" content=\"About Us&nbsp; Ay\u00e7a T\u00dcMER ARIKAN was born in Ankara, in 1978. She had her Bachelor\u2019s degree in Statistics from Middle East Technical University, and then had an MBA degree from the Department of Business Administration of the same university. She has 14 years of experience in performance measurement and analytics in the private sector. She [&hellip;]\" \/>\n<meta property=\"og:url\" content=\"https:\/\/promeas.org\/en\/about-us\/\" \/>\n<meta property=\"og:site_name\" content=\"Promeas\" \/>\n<meta property=\"article:modified_time\" content=\"2025-12-01T14:40:31+00:00\" \/>\n<meta name=\"twitter:card\" content=\"summary_large_image\" \/>\n<meta name=\"twitter:label1\" content=\"Est. reading time\" \/>\n\t<meta name=\"twitter:data1\" content=\"8 minutes\" \/>\n<script type=\"application\/ld+json\" class=\"yoast-schema-graph\">{\"@context\":\"https:\\\/\\\/schema.org\",\"@graph\":[{\"@type\":\"WebPage\",\"@id\":\"https:\\\/\\\/promeas.org\\\/en\\\/about-us\\\/\",\"url\":\"https:\\\/\\\/promeas.org\\\/en\\\/about-us\\\/\",\"name\":\"About Us - Promeas\",\"isPartOf\":{\"@id\":\"https:\\\/\\\/promeas.org\\\/#website\"},\"datePublished\":\"2020-03-28T08:32:05+00:00\",\"dateModified\":\"2025-12-01T14:40:31+00:00\",\"breadcrumb\":{\"@id\":\"https:\\\/\\\/promeas.org\\\/en\\\/about-us\\\/#breadcrumb\"},\"inLanguage\":\"en-US\",\"potentialAction\":[{\"@type\":\"ReadAction\",\"target\":[\"https:\\\/\\\/promeas.org\\\/en\\\/about-us\\\/\"]}]},{\"@type\":\"BreadcrumbList\",\"@id\":\"https:\\\/\\\/promeas.org\\\/en\\\/about-us\\\/#breadcrumb\",\"itemListElement\":[{\"@type\":\"ListItem\",\"position\":1,\"name\":\"Ana sayfa\",\"item\":\"https:\\\/\\\/promeas.org\\\/\"},{\"@type\":\"ListItem\",\"position\":2,\"name\":\"About Us\"}]},{\"@type\":\"WebSite\",\"@id\":\"https:\\\/\\\/promeas.org\\\/#website\",\"url\":\"https:\\\/\\\/promeas.org\\\/\",\"name\":\"Promeas\",\"description\":\"Performans \u00d6l\u00e7\u00fcm\u00fc\",\"publisher\":{\"@id\":\"https:\\\/\\\/promeas.org\\\/#organization\"},\"potentialAction\":[{\"@type\":\"SearchAction\",\"target\":{\"@type\":\"EntryPoint\",\"urlTemplate\":\"https:\\\/\\\/promeas.org\\\/?s={search_term_string}\"},\"query-input\":{\"@type\":\"PropertyValueSpecification\",\"valueRequired\":true,\"valueName\":\"search_term_string\"}}],\"inLanguage\":\"en-US\"},{\"@type\":\"Organization\",\"@id\":\"https:\\\/\\\/promeas.org\\\/#organization\",\"name\":\"Promeas\",\"url\":\"https:\\\/\\\/promeas.org\\\/\",\"logo\":{\"@type\":\"ImageObject\",\"inLanguage\":\"en-US\",\"@id\":\"https:\\\/\\\/promeas.org\\\/#\\\/schema\\\/logo\\\/image\\\/\",\"url\":\"http:\\\/\\\/promeas.org\\\/wp-content\\\/uploads\\\/2020\\\/03\\\/Promeas_logo.png\",\"contentUrl\":\"http:\\\/\\\/promeas.org\\\/wp-content\\\/uploads\\\/2020\\\/03\\\/Promeas_logo.png\",\"width\":936,\"height\":286,\"caption\":\"Promeas\"},\"image\":{\"@id\":\"https:\\\/\\\/promeas.org\\\/#\\\/schema\\\/logo\\\/image\\\/\"},\"sameAs\":[\"https:\\\/\\\/www.linkedin.com\\\/company\\\/promeas\\\/\"]}]}<\/script>\n<!-- \/ Yoast SEO plugin. -->","yoast_head_json":{"title":"About Us - Promeas","robots":{"index":"index","follow":"follow","max-snippet":"max-snippet:-1","max-image-preview":"max-image-preview:large","max-video-preview":"max-video-preview:-1"},"canonical":"https:\/\/promeas.org\/en\/about-us\/","og_locale":"en_US","og_type":"article","og_title":"About Us - Promeas","og_description":"About Us&nbsp; Ay\u00e7a T\u00dcMER ARIKAN was born in Ankara, in 1978. She had her Bachelor\u2019s degree in Statistics from Middle East Technical University, and then had an MBA degree from the Department of Business Administration of the same university. She has 14 years of experience in performance measurement and analytics in the private sector. She [&hellip;]","og_url":"https:\/\/promeas.org\/en\/about-us\/","og_site_name":"Promeas","article_modified_time":"2025-12-01T14:40:31+00:00","twitter_card":"summary_large_image","twitter_misc":{"Est. reading time":"8 minutes"},"schema":{"@context":"https:\/\/schema.org","@graph":[{"@type":"WebPage","@id":"https:\/\/promeas.org\/en\/about-us\/","url":"https:\/\/promeas.org\/en\/about-us\/","name":"About Us - Promeas","isPartOf":{"@id":"https:\/\/promeas.org\/#website"},"datePublished":"2020-03-28T08:32:05+00:00","dateModified":"2025-12-01T14:40:31+00:00","breadcrumb":{"@id":"https:\/\/promeas.org\/en\/about-us\/#breadcrumb"},"inLanguage":"en-US","potentialAction":[{"@type":"ReadAction","target":["https:\/\/promeas.org\/en\/about-us\/"]}]},{"@type":"BreadcrumbList","@id":"https:\/\/promeas.org\/en\/about-us\/#breadcrumb","itemListElement":[{"@type":"ListItem","position":1,"name":"Ana sayfa","item":"https:\/\/promeas.org\/"},{"@type":"ListItem","position":2,"name":"About Us"}]},{"@type":"WebSite","@id":"https:\/\/promeas.org\/#website","url":"https:\/\/promeas.org\/","name":"Promeas","description":"Performans \u00d6l\u00e7\u00fcm\u00fc","publisher":{"@id":"https:\/\/promeas.org\/#organization"},"potentialAction":[{"@type":"SearchAction","target":{"@type":"EntryPoint","urlTemplate":"https:\/\/promeas.org\/?s={search_term_string}"},"query-input":{"@type":"PropertyValueSpecification","valueRequired":true,"valueName":"search_term_string"}}],"inLanguage":"en-US"},{"@type":"Organization","@id":"https:\/\/promeas.org\/#organization","name":"Promeas","url":"https:\/\/promeas.org\/","logo":{"@type":"ImageObject","inLanguage":"en-US","@id":"https:\/\/promeas.org\/#\/schema\/logo\/image\/","url":"http:\/\/promeas.org\/wp-content\/uploads\/2020\/03\/Promeas_logo.png","contentUrl":"http:\/\/promeas.org\/wp-content\/uploads\/2020\/03\/Promeas_logo.png","width":936,"height":286,"caption":"Promeas"},"image":{"@id":"https:\/\/promeas.org\/#\/schema\/logo\/image\/"},"sameAs":["https:\/\/www.linkedin.com\/company\/promeas\/"]}]}},"_links":{"self":[{"href":"https:\/\/promeas.org\/en\/wp-json\/wp\/v2\/pages\/3430","targetHints":{"allow":["GET"]}}],"collection":[{"href":"https:\/\/promeas.org\/en\/wp-json\/wp\/v2\/pages"}],"about":[{"href":"https:\/\/promeas.org\/en\/wp-json\/wp\/v2\/types\/page"}],"author":[{"embeddable":true,"href":"https:\/\/promeas.org\/en\/wp-json\/wp\/v2\/users\/2"}],"replies":[{"embeddable":true,"href":"https:\/\/promeas.org\/en\/wp-json\/wp\/v2\/comments?post=3430"}],"version-history":[{"count":7,"href":"https:\/\/promeas.org\/en\/wp-json\/wp\/v2\/pages\/3430\/revisions"}],"predecessor-version":[{"id":4257,"href":"https:\/\/promeas.org\/en\/wp-json\/wp\/v2\/pages\/3430\/revisions\/4257"}],"wp:attachment":[{"href":"https:\/\/promeas.org\/en\/wp-json\/wp\/v2\/media?parent=3430"}],"curies":[{"name":"wp","href":"https:\/\/api.w.org\/{rel}","templated":true}]}}